{"id":298,"date":"2022-10-13T09:56:05","date_gmt":"2022-10-13T09:56:05","guid":{"rendered":"https:\/\/www.machineservis.cz\/?page_id=298"},"modified":"2022-10-13T09:56:05","modified_gmt":"2022-10-13T09:56:05","slug":"prislusenstvi-k-pneumatickym-kladivum","status":"publish","type":"page","link":"https:\/\/www.machineservis.cz\/?page_id=298","title":{"rendered":"P\u0159\u00edslu\u0161enstv\u00ed k pneumatick\u00fdm kladiv\u016fm"},"content":{"rendered":"\n<figure class=\"wp-block-image size-large\"><img fetchpriority=\"high\" decoding=\"async\" width=\"1024\" height=\"560\" src=\"https:\/\/www.machineservis.cz\/wp-content\/uploads\/2022\/10\/PNEAccessories-1024x560.jpg\" alt=\"\" class=\"wp-image-299\" srcset=\"https:\/\/www.machineservis.cz\/wp-content\/uploads\/2022\/10\/PNEAccessories-1024x560.jpg 1024w, https:\/\/www.machineservis.cz\/wp-content\/uploads\/2022\/10\/PNEAccessories-300x164.jpg 300w, https:\/\/www.machineservis.cz\/wp-content\/uploads\/2022\/10\/PNEAccessories-768x420.jpg 768w, https:\/\/www.machineservis.cz\/wp-content\/uploads\/2022\/10\/PNEAccessories.jpg 1367w\" sizes=\"(max-width: 1024px) 100vw, 1024px\" \/><figcaption>&#8222;Pneumatic accessories; flat hose, lubricator, claw coupling&#8220;<\/figcaption><\/figure>\n","protected":false},"excerpt":{"rendered":"","protected":false},"author":1,"featured_media":0,"parent":0,"menu_order":0,"comment_status":"closed","ping_status":"closed","template":"","meta":{"site-sidebar-layout":"default","site-content-layout":"","ast-site-content-layout":"","site-content-style":"default","site-sidebar-style":"default","ast-global-header-display":"","ast-banner-title-visibility":"","ast-main-header-display":"","ast-hfb-above-header-display":"","ast-hfb-below-header-display":"","ast-hfb-mobile-header-display":"","site-post-title":"","ast-breadcrumbs-content":"","ast-featured-img":"","footer-sml-layout":"","theme-transparent-header-meta":"","adv-header-id-meta":"","stick-header-meta":"","header-above-stick-meta":"","header-main-stick-meta":"","header-below-stick-meta":"","astra-migrate-meta-layouts":"default","ast-page-background-enabled":"default","ast-page-background-meta":{"desktop":{"background-color":"var(--ast-global-color-4)","background-image":"","background-repeat":"repeat","background-position":"center center","background-size":"auto","background-attachment":"scroll","background-type":"","background-media":"","overlay-type":"","overlay-color":"","overlay-opacity":"","overlay-gradient":""},"tablet":{"background-color":"","background-image":"","background-repeat":"repeat","background-position":"center center","background-size":"auto","background-attachment":"scroll","background-type":"","background-media":"","overlay-type":"","overlay-color":"","overlay-opacity":"","overlay-gradient":""},"mobile":{"background-color":"","background-image":"","background-repeat":"repeat","background-position":"center center","background-size":"auto","background-attachment":"scroll","background-type":"","background-media":"","overlay-type":"","overlay-color":"","overlay-opacity":"","overlay-gradient":""}},"ast-content-background-meta":{"desktop":{"background-color":"var(--ast-global-color-5)","background-image":"","background-repeat":"repeat","background-position":"center center","background-size":"auto","background-attachment":"scroll","background-type":"","background-media":"","overlay-type":"","overlay-color":"","overlay-opacity":"","overlay-gradient":""},"tablet":{"background-color":"var(--ast-global-color-5)","background-image":"","background-repeat":"repeat","background-position":"center center","background-size":"auto","background-attachment":"scroll","background-type":"","background-media":"","overlay-type":"","overlay-color":"","overlay-opacity":"","overlay-gradient":""},"mobile":{"background-color":"var(--ast-global-color-5)","background-image":"","background-repeat":"repeat","background-position":"center center","background-size":"auto","background-attachment":"scroll","background-type":"","background-media":"","overlay-type":"","overlay-color":"","overlay-opacity":"","overlay-gradient":""}},"footnotes":""},"class_list":["post-298","page","type-page","status-publish","hentry"],"_links":{"self":[{"href":"https:\/\/www.machineservis.cz\/index.php?rest_route=\/wp\/v2\/pages\/298","targetHints":{"allow":["GET"]}}],"collection":[{"href":"https:\/\/www.machineservis.cz\/index.php?rest_route=\/wp\/v2\/pages"}],"about":[{"href":"https:\/\/www.machineservis.cz\/index.php?rest_route=\/wp\/v2\/types\/page"}],"author":[{"embeddable":true,"href":"https:\/\/www.machineservis.cz\/index.php?rest_route=\/wp\/v2\/users\/1"}],"replies":[{"embeddable":true,"href":"https:\/\/www.machineservis.cz\/index.php?rest_route=%2Fwp%2Fv2%2Fcomments&post=298"}],"version-history":[{"count":1,"href":"https:\/\/www.machineservis.cz\/index.php?rest_route=\/wp\/v2\/pages\/298\/revisions"}],"predecessor-version":[{"id":300,"href":"https:\/\/www.machineservis.cz\/index.php?rest_route=\/wp\/v2\/pages\/298\/revisions\/300"}],"wp:attachment":[{"href":"https:\/\/www.machineservis.cz\/index.php?rest_route=%2Fwp%2Fv2%2Fmedia&parent=298"}],"curies":[{"name":"wp","href":"https:\/\/api.w.org\/{rel}","templated":true}]}}